{"id":6651,"date":"2018-02-06T21:21:19","date_gmt":"2018-02-06T21:21:19","guid":{"rendered":"https:\/\/www.rconsultors.com\/inici\/"},"modified":"2019-12-15T13:56:38","modified_gmt":"2019-12-15T13:56:38","slug":"inicio","status":"publish","type":"page","link":"https:\/\/www.rconsultors.com\/es\/","title":{"rendered":"Inicio"},"content":{"rendered":"<p>[et_pb_section fb_built=&#8221;1&#8243; disabled_on=&#8221;off|off|off&#8221; _builder_version=&#8221;3.23.3&#8243; custom_padding=&#8221;20px||20px|&#8221; z_index=&#8221;2&#8243;][et_pb_row custom_padding=&#8221;6vw||3vw||false|&#8221; _builder_version=&#8221;3.23.3&#8243;][et_pb_column type=&#8221;4_4&#8243; _builder_version=&#8221;3.22.7&#8243;][et_pb_text _builder_version=&#8221;3.23.3&#8243; text_font=&#8221;||||||||&#8221; text_text_align=&#8221;left&#8221; text_text_color=&#8221;#000000&#8243; text_font_size=&#8221;23px&#8221; text_letter_spacing=&#8221;-1px&#8221; text_line_height=&#8221;1.6em&#8221; link_font=&#8221;||||||||&#8221; header_font=&#8221;||||||||&#8221; header_text_color=&#8221;#000000&#8243; header_font_size=&#8221;40px&#8221; header_line_height=&#8221;1.3em&#8221; header_2_font=&#8221;||||||||&#8221; header_2_text_color=&#8221;#000000&#8243; header_2_font_size=&#8221;30px&#8221; header_2_line_height=&#8221;1.3em&#8221; header_3_font=&#8221;|600|||||||&#8221; header_3_text_color=&#8221;#2d2d2a&#8221; header_3_font_size=&#8221;25px&#8221; header_3_line_height=&#8221;2.2em&#8221; width=&#8221;80%&#8221; width_tablet=&#8221;90%&#8221; width_phone=&#8221;100%&#8221; width_last_edited=&#8221;on|tablet&#8221; module_alignment=&#8221;left&#8221; text_font_size_phone=&#8221;20px&#8221; text_font_size_last_edited=&#8221;on|desktop&#8221; header_font_size_tablet=&#8221;40px&#8221; header_font_size_phone=&#8221;32px&#8221; header_font_size_last_edited=&#8221;on|phone&#8221; header_line_height_phone=&#8221;1.1em&#8221; header_line_height_last_edited=&#8221;on|desktop&#8221; header_2_font_size_tablet=&#8221;28px&#8221; header_2_font_size_phone=&#8221;18px&#8221; header_2_font_size_last_edited=&#8221;on|phone&#8221; header_3_font_size_tablet=&#8221;25px&#8221; header_3_font_size_phone=&#8221;25px&#8221; header_3_font_size_last_edited=&#8221;on|phone&#8221; header_3_line_height_phone=&#8221;1.7em&#8221; header_3_line_height_last_edited=&#8221;on|desktop&#8221;]<\/p>\n<h1><strong>R consultors<\/strong>, una concepci\u00f3n diferente de la consultor\u00eda<\/h1>\n<p>en los \u00e1mbitos del marketing, la comunicaci\u00f3n, la imagen, la publicidad y los eventos.<br \/>\n<strong><\/strong><\/p>\n<p>&nbsp;<\/p>\n<h3><span><a href=\"https:\/\/www.rconsultors.com\/es\/quienes-somos\/\"><span style=\"color: #fe5000\">Qui\u00e9nes somos &#8211; <\/span><\/a><\/span><a href=\"https:\/\/www.rconsultors.com\/es\/contacto\/\" style=\"font-size: 25px\"><span style=\"color: #fe5000\">Cont\u00e1ctanos<\/span><\/a><\/h3>\n<p>[\/et_pb_text][\/et_pb_column][\/et_pb_row][\/et_pb_section][et_pb_section fb_built=&#8221;1&#8243; _builder_version=&#8221;3.23.3&#8243; width=&#8221;100%&#8221; max_width=&#8221;100%&#8221; custom_padding=&#8221;49px|||||&#8221;][et_pb_row use_custom_gutter=&#8221;on&#8221; gutter_width=&#8221;1&#8243; padding_left_1=&#8221;3px&#8221; padding_left_2=&#8221;3px&#8221; padding_left_3=&#8221;3px&#8221; padding_left_4=&#8221;3px&#8221; _builder_version=&#8221;3.23.3&#8243; width=&#8221;90%&#8221; max_width=&#8221;100%&#8221; module_alignment=&#8221;center&#8221;][et_pb_column type=&#8221;1_4&#8243; _builder_version=&#8221;3.23.3&#8243;][et_pb_code module_class=&#8221;gq_overlay_slide_bottom&#8221; _builder_version=&#8221;3.23.3&#8243;]<\/p>\n<div class=\"custom_overlay\"><!-- [et_pb_line_break_holder] --> <img decoding=\"async\" src=\"https:\/\/www.rconsultors.com\/wp-content\/uploads\/2019\/06\/Marqueting_amb_rconsultors.jpg%22\" alt=\"M\u00e1rqueting con Rconsultors\" class=\"image\"><!-- [et_pb_line_break_holder] -->     <a href=\"https:\/\/www.rconsultors.com\/es\/marketing\/\"><!-- [et_pb_line_break_holder] -->          <!-- [et_pb_line_break_holder] --><\/p>\n<div class=\"overlay\"><!-- [et_pb_line_break_holder] -->             <!-- [et_pb_line_break_holder] --><\/p>\n<div class=\"text\">Marketing<\/div>\n<p><!-- [et_pb_line_break_holder] --> <!-- [et_pb_line_break_holder] -->         <\/div>\n<p><!-- [et_pb_line_break_holder] --> <!-- [et_pb_line_break_holder] -->     <\/a><!-- [et_pb_line_break_holder] --><\/div>\n<p>[\/et_pb_code][\/et_pb_column][et_pb_column type=&#8221;1_4&#8243; _builder_version=&#8221;3.23.3&#8243;][et_pb_code module_class=&#8221;gq_overlay_slide_bottom&#8221; _builder_version=&#8221;3.23.3&#8243;]<\/p>\n<div class=\"custom_overlay\"><!-- [et_pb_line_break_holder] --> <img decoding=\"async\" src=\"https:\/\/www.rconsultors.com\/wp-content\/uploads\/2019\/06\/disseny_i_publictat_rconsultors.jpg\" alt=\"Dise\u00f1o y publicidad con Rconsultors\" class=\"image\"><!-- [et_pb_line_break_holder] -->     <a href=\"https:\/\/www.rconsultors.com\/es\/diseno-publicidad\/\"><!-- [et_pb_line_break_holder] -->          <!-- [et_pb_line_break_holder] --><\/p>\n<div class=\"overlay\"><!-- [et_pb_line_break_holder] -->             <!-- [et_pb_line_break_holder] --><\/p>\n<div class=\"text\">Dise\u00f1o y Publicidad<\/div>\n<p><!-- [et_pb_line_break_holder] --> <!-- [et_pb_line_break_holder] -->         <\/div>\n<p><!-- [et_pb_line_break_holder] --> <!-- [et_pb_line_break_holder] -->     <\/a><!-- [et_pb_line_break_holder] --><\/div>\n<p>[\/et_pb_code][\/et_pb_column][et_pb_column type=&#8221;1_4&#8243; _builder_version=&#8221;3.23.3&#8243;][et_pb_code module_class=&#8221;gq_overlay_slide_bottom&#8221; _builder_version=&#8221;3.23.3&#8243;]<\/p>\n<div class=\"custom_overlay\"><!-- [et_pb_line_break_holder] --> <img decoding=\"async\" src=\"\/wp-content\/uploads\/2019\/06\/comunicacio_e_imatge.jpeg\" alt=\"Comunicaci\u00f3n e imagen con Rconsultors\" class=\"image\"><!-- [et_pb_line_break_holder] -->     <a href=\"https:\/\/www.rconsultors.com\/es\/comunicacion-imagen\/\"><!-- [et_pb_line_break_holder] -->          <!-- [et_pb_line_break_holder] --><\/p>\n<div class=\"overlay\"><!-- [et_pb_line_break_holder] -->             <!-- [et_pb_line_break_holder] --><\/p>\n<div class=\"text\">Comunicaci\u00f3n e imagen<\/div>\n<p><!-- [et_pb_line_break_holder] --> <!-- [et_pb_line_break_holder] -->         <\/div>\n<p><!-- [et_pb_line_break_holder] --> <!-- [et_pb_line_break_holder] -->     <\/a><!-- [et_pb_line_break_holder] --><\/div>\n<p>[\/et_pb_code][\/et_pb_column][et_pb_column type=&#8221;1_4&#8243; _builder_version=&#8221;3.23.3&#8243;][et_pb_code module_class=&#8221;gq_overlay_slide_bottom&#8221; _builder_version=&#8221;3.23.3&#8243;]<\/p>\n<div class=\"custom_overlay\"><!-- [et_pb_line_break_holder] --> <img decoding=\"async\" src=\"\/wp-content\/uploads\/2019\/06\/esdeveniments_amb_rconsultors.jpg\" alt=\"Organizaci\u00f3n de eventos con Rconsultors\" class=\"image\"><!-- [et_pb_line_break_holder] -->     <a href=\"https:\/\/www.rconsultors.com\/es\/eventos\/\"><!-- [et_pb_line_break_holder] -->          <!-- [et_pb_line_break_holder] --><\/p>\n<div class=\"overlay\"><!-- [et_pb_line_break_holder] -->             <!-- [et_pb_line_break_holder] --><\/p>\n<div class=\"text\">Organizaci\u00f3n de eventos<\/div>\n<p><!-- [et_pb_line_break_holder] --> <!-- [et_pb_line_break_holder] -->         <\/div>\n<p><!-- [et_pb_line_break_holder] --> <!-- [et_pb_line_break_holder] -->     <\/a><!-- [et_pb_line_break_holder] --><\/div>\n<p>[\/et_pb_code][\/et_pb_column][\/et_pb_row][\/et_pb_section]<\/p>\n","protected":false},"excerpt":{"rendered":"<p>R consultors, una concepci\u00f3n diferente de la consultor\u00eda en los \u00e1mbitos del marketing, la comunicaci\u00f3n, la imagen, la publicidad y los eventos. &nbsp; Qui\u00e9nes somos &#8211; Cont\u00e1ctanos<\/p>\n","protected":false},"author":1,"featured_media":6597,"parent":0,"menu_order":0,"comment_status":"closed","ping_status":"closed","template":"","meta":{"_et_pb_use_builder":"on","_et_pb_old_content":"","_et_gb_content_width":"","_mi_skip_tracking":false,"_exactmetrics_sitenote_active":false,"_exactmetrics_sitenote_note":"","_exactmetrics_sitenote_category":0},"_links":{"self":[{"href":"https:\/\/www.rconsultors.com\/es\/wp-json\/wp\/v2\/pages\/6651"}],"collection":[{"href":"https:\/\/www.rconsultors.com\/es\/wp-json\/wp\/v2\/pages"}],"about":[{"href":"https:\/\/www.rconsultors.com\/es\/wp-json\/wp\/v2\/types\/page"}],"author":[{"embeddable":true,"href":"https:\/\/www.rconsultors.com\/es\/wp-json\/wp\/v2\/users\/1"}],"replies":[{"embeddable":true,"href":"https:\/\/www.rconsultors.com\/es\/wp-json\/wp\/v2\/comments?post=6651"}],"version-history":[{"count":0,"href":"https:\/\/www.rconsultors.com\/es\/wp-json\/wp\/v2\/pages\/6651\/revisions"}],"wp:featuredmedia":[{"embeddable":true,"href":"https:\/\/www.rconsultors.com\/es\/wp-json\/wp\/v2\/media\/6597"}],"wp:attachment":[{"href":"https:\/\/www.rconsultors.com\/es\/wp-json\/wp\/v2\/media?parent=6651"}],"curies":[{"name":"wp","href":"https:\/\/api.w.org\/{rel}","templated":true}]}}