{"id":6674,"date":"2018-02-05T19:56:11","date_gmt":"2018-02-05T19:56:11","guid":{"rendered":"https:\/\/www.rconsultors.com\/quienes-somos\/"},"modified":"2019-12-08T09:48:54","modified_gmt":"2019-12-08T09:48:54","slug":"quienes-somos","status":"publish","type":"page","link":"https:\/\/www.rconsultors.com\/es\/quienes-somos\/","title":{"rendered":"Qui\u00e9nes somos"},"content":{"rendered":"\n\n[et_pb_section fb_built=&#8221;1&#8243; disabled_on=&#8221;off|off|off&#8221; _builder_version=&#8221;3.23.3&#8243; custom_padding=&#8221;20px||20px|&#8221; z_index=&#8221;2&#8243;][et_pb_row custom_padding=&#8221;9vw||3vw||false|&#8221; _builder_version=&#8221;3.23.3&#8243;][et_pb_column type=&#8221;4_4&#8243; _builder_version=&#8221;3.22.7&#8243;][et_pb_text _builder_version=&#8221;3.23.3&#8243; text_font=&#8221;||||||||&#8221; text_text_align=&#8221;left&#8221; text_text_color=&#8221;#000000&#8243; text_font_size=&#8221;19px&#8221; header_font=&#8221;||||||||&#8221; header_text_color=&#8221;#000000&#8243; header_font_size=&#8221;40px&#8221; header_line_height=&#8221;1.1em&#8221; header_2_font=&#8221;||||||||&#8221; header_2_text_color=&#8221;#000000&#8243; header_2_font_size=&#8221;40px&#8221; header_2_line_height=&#8221;1.1em&#8221; header_3_font=&#8221;|600|||||||&#8221; header_3_text_color=&#8221;#2d2d2a&#8221; header_3_line_height=&#8221;2.2em&#8221; width=&#8221;80%&#8221; module_alignment=&#8221;left&#8221; hover_enabled=&#8221;0&#8243; header_font_size_tablet=&#8221;40px&#8221; header_font_size_phone=&#8221;32px&#8221; header_font_size_last_edited=&#8221;on|phone&#8221; header_2_font_size_tablet=&#8221;40px&#8221; header_2_font_size_phone=&#8221;28px&#8221; header_2_font_size_last_edited=&#8221;on|phone&#8221;]<h2><span><strong>R consultors<\/strong>, soluciones de alta calidad adaptadas a todo tipo de empresas y organizaciones<\/span><\/h2>\n<h3><span><span> <\/span><\/span><\/h3>\n[\/et_pb_text][\/et_pb_column][\/et_pb_row][\/et_pb_section][et_pb_section fb_built=&#8221;1&#8243; _builder_version=&#8221;3.23.3&#8243; custom_padding=&#8221;0vw||0px|||&#8221; top_divider_height=&#8221;299px&#8221;][et_pb_row custom_padding=&#8221;2vw||4vw|||&#8221; _builder_version=&#8221;3.23.3&#8243;][et_pb_column type=&#8221;4_4&#8243; _builder_version=&#8221;3.23.3&#8243;][et_pb_text _builder_version=&#8221;3.23.3&#8243; text_font=&#8221;||||||||&#8221; text_text_align=&#8221;center&#8221; header_font=&#8221;|800|||||||&#8221; header_font_size=&#8221;32px&#8221; header_2_font=&#8221;||||||||&#8221; header_font_size_tablet=&#8221;30px&#8221; header_font_size_phone=&#8221;26px&#8221; header_font_size_last_edited=&#8221;on|phone&#8221;]<h1>Nuestra filosof\u00eda<\/h1>[\/et_pb_text][\/et_pb_column][\/et_pb_row][et_pb_row custom_padding=&#8221;||0px|&#8221; custom_padding_tablet=&#8221;|4%||4%||true&#8221; custom_padding_phone=&#8221;|6%||6%||true&#8221; make_equal=&#8221;on&#8221; custom_padding_last_edited=&#8221;on|phone&#8221; padding_bottom_1=&#8221;30px&#8221; padding_bottom_2=&#8221;30px&#8221; padding_bottom_3=&#8221;30px&#8221; padding_bottom_4=&#8221;30px&#8221; _builder_version=&#8221;3.23.3&#8243; background_size=&#8221;initial&#8221; background_position=&#8221;top_left&#8221; background_repeat=&#8221;repeat&#8221; width=&#8221;95%&#8221; max_width=&#8221;1920px&#8221; module_alignment=&#8221;center&#8221;][et_pb_column type=&#8221;1_4&#8243; _builder_version=&#8221;3.0.47&#8243;][et_pb_text admin_label=&#8221;Number&#8221; _builder_version=&#8221;3.23.3&#8243; text_font=&#8221;Open Sans|800|||||||&#8221; text_text_align=&#8221;left&#8221; text_text_color=&#8221;rgba(0,0,0,0.15)&#8221; text_font_size=&#8221;90px&#8221; header_font=&#8221;||||||||&#8221; text_orientation=&#8221;center&#8221; custom_css_main_element=&#8221;position: absolute;||top: 0;||left:0;||width: 100%;||&#8221;]<p>01.<\/p>[\/et_pb_text][et_pb_text _builder_version=&#8221;3.23.3&#8243; text_font=&#8221;||||||||&#8221; text_text_align=&#8221;left&#8221; header_font=&#8221;||||||||&#8221; header_3_font=&#8221;|700|||||||&#8221; header_3_font_size=&#8221;23px&#8221; text_orientation=&#8221;center&#8221; min_height=&#8221;324px&#8221; custom_margin=&#8221;1vw||&#8221; custom_padding=&#8221;35px|||&#8221;]<h3>Competitividad<\/h3>\n<p style=\"font-weight: 400\"><span>Factores c\u00f3mo la globalizaci\u00f3n o la introducci\u00f3n de nuevas f\u00f3rmulas de gesti\u00f3n y de prestaci\u00f3n de servicios mediante las nuevas tecnolog\u00edas, suponen que la competitividad basada en una estrategia operativa y unos costes ajustados sean elementos necesarios, pero insuficientes, para alcanzar el \u00e9xito. En R consultors somos expertos para encontrar los factores clave de diferenciaci\u00f3n para obtener una competitividad \u00f3ptima, de acuerdo con las necesidades de cada cliente.<\/span><\/p>[\/et_pb_text][\/et_pb_column][et_pb_column type=&#8221;1_4&#8243; _builder_version=&#8221;3.0.47&#8243;][et_pb_text admin_label=&#8221;Number&#8221; _builder_version=&#8221;3.0.101&#8243; text_font=&#8221;Open Sans|800|||||||&#8221; text_text_align=&#8221;left&#8221; text_text_color=&#8221;rgba(0,0,0,0.15)&#8221; text_font_size=&#8221;90px&#8221; header_font=&#8221;||||||||&#8221; text_orientation=&#8221;center&#8221; custom_css_main_element=&#8221;position: absolute;||top: 0;||left:0;||width: 100%;||&#8221;]02.[\/et_pb_text][et_pb_text _builder_version=&#8221;3.23.3&#8243; text_font=&#8221;||||||||&#8221; text_text_align=&#8221;left&#8221; header_font=&#8221;||||||||&#8221; header_3_font=&#8221;|700|||||||&#8221; header_3_font_size=&#8221;23px&#8221; text_orientation=&#8221;center&#8221; min_height=&#8221;324px&#8221; custom_margin=&#8221;1vw||&#8221; custom_padding=&#8221;35px|||&#8221;]<h3>Creaci\u00f3n de valor<\/h3>\n<p><span>Un factor esencial para el \u00e9xito de cualquier proyecto es la creaci\u00f3n de valor a\u00f1adido. En R consultors hacemos simbiosis con el cliente y creamos sinergias para multiplicar las oportunidades en todas nuestras \u00e1reas de trabajo: marketing, publicidad, dise\u00f1o, comunicaci\u00f3n, imagen y eventos.<\/span><\/p>[\/et_pb_text][\/et_pb_column][et_pb_column type=&#8221;1_4&#8243; _builder_version=&#8221;3.0.47&#8243;][et_pb_text admin_label=&#8221;Number&#8221; _builder_version=&#8221;3.0.101&#8243; text_font=&#8221;Open Sans|800|||||||&#8221; text_text_align=&#8221;left&#8221; text_text_color=&#8221;rgba(0,0,0,0.15)&#8221; text_font_size=&#8221;90px&#8221; header_font=&#8221;||||||||&#8221; text_orientation=&#8221;center&#8221; custom_css_main_element=&#8221;position: absolute;||top: 0;||left:0;||width: 100%;||&#8221;]03.[\/et_pb_text][et_pb_text _builder_version=&#8221;3.23.3&#8243; text_font=&#8221;||||||||&#8221; text_text_align=&#8221;left&#8221; header_font=&#8221;||||||||&#8221; header_3_font=&#8221;|700|||||||&#8221; header_3_font_size=&#8221;23px&#8221; text_orientation=&#8221;center&#8221; min_height=&#8221;324px&#8221; custom_margin=&#8221;1vw||&#8221; custom_padding=&#8221;35px|||&#8221;]<h3>Soluciones<\/h3>\n<p><span>C\u00f3mo consultores especializados proponemos, a cualquier tipo de organizaci\u00f3n, soluciones de alta calidad conceptual, que permiten \u2013con los recursos realmente necesarios\u2013 potenciar el desarrollo y reforzar la posici\u00f3n del cliente.<\/span><\/p>[\/et_pb_text][\/et_pb_column][et_pb_column type=&#8221;1_4&#8243; _builder_version=&#8221;3.0.47&#8243;][et_pb_text admin_label=&#8221;Number&#8221; _builder_version=&#8221;3.0.101&#8243; text_font=&#8221;Open Sans|800|||||||&#8221; text_text_align=&#8221;left&#8221; text_text_color=&#8221;rgba(0,0,0,0.15)&#8221; text_font_size=&#8221;90px&#8221; header_font=&#8221;||||||||&#8221; text_orientation=&#8221;center&#8221; custom_css_main_element=&#8221;position: absolute;||top: 0;||left:0;||width: 100%;||&#8221;]04.[\/et_pb_text][et_pb_text _builder_version=&#8221;3.23.3&#8243; text_font=&#8221;||||||||&#8221; text_text_align=&#8221;left&#8221; header_font=&#8221;||||||||&#8221; header_3_font=&#8221;|700|||||||&#8221; header_3_font_size=&#8221;23px&#8221; text_orientation=&#8221;center&#8221; min_height=&#8221;324px&#8221; custom_margin=&#8221;1vw||&#8221; custom_padding=&#8221;35px|||&#8221;]<h3>Realistas<\/h3>\n<p><span>Sabemos que solo las soluciones bien fundamentadas y realistas son las que dan resultado, desarrollamos el trabajo de forma completa en todos los \u00e1mbitos, desde la planificaci\u00f3n estrat\u00e9gica y operativa, haciendo el seguimiento de su implantaci\u00f3n, hasta la medici\u00f3n de los resultados mediante un sistema de indicadores fiables.<\/span><\/p>[\/et_pb_text][\/et_pb_column][\/et_pb_row][\/et_pb_section][et_pb_section fb_built=&#8221;1&#8243; custom_padding_last_edited=&#8221;on|desktop&#8221; _builder_version=&#8221;3.23.3&#8243; custom_padding=&#8221;20px||20px|&#8221; custom_padding_tablet=&#8221;0px||18px|&#8221; custom_padding_phone=&#8221;||20px&#8221;][et_pb_row custom_margin=&#8221;||4vw&#8221; make_equal=&#8221;on&#8221; custom_css_main_1=&#8221;margin: auto;&#8221; _builder_version=&#8221;3.23.3&#8243; width=&#8221;100%&#8221; max_width=&#8221;100%&#8221;][et_pb_column type=&#8221;1_2&#8243; _builder_version=&#8221;3.23.3&#8243;][et_pb_text admin_label=&#8221;Text &#8211; Heading&#8221; _builder_version=&#8221;3.23.3&#8243; text_font=&#8221;||||||||&#8221; header_font=&#8221;|600|||||||&#8221; header_font_size=&#8221;35px&#8221; header_2_font=&#8221;|600|||||||&#8221; header_2_font_size=&#8221;30px&#8221; header_2_line_height=&#8221;1.1em&#8221; header_3_font=&#8221;|600|||||||&#8221; header_3_font_size=&#8221;26px&#8221; width=&#8221;90%&#8221; width_tablet=&#8221;100%&#8221; width_phone=&#8221;100%&#8221; width_last_edited=&#8221;on|desktop&#8221; module_alignment=&#8221;center&#8221; custom_margin=&#8221;||4vw|&#8221; custom_padding_tablet=&#8221;|||5%&#8221; custom_padding_phone=&#8221;|||8%&#8221; custom_padding_last_edited=&#8221;on|phone&#8221; header_font_size_tablet=&#8221;33px&#8221; header_font_size_last_edited=&#8221;on|phone&#8221; header_2_font_size_tablet=&#8221;27px&#8221; header_2_font_size_phone=&#8221;25px&#8221; header_2_font_size_last_edited=&#8221;on|phone&#8221; header_3_font_size_tablet=&#8221;24px&#8221; header_3_font_size_last_edited=&#8221;on|phone&#8221; module_alignment_last_edited=&#8221;on|tablet&#8221;]<h2>Nuestro equipo<\/h2>[\/et_pb_text][et_pb_text _builder_version=&#8221;3.23.3&#8243; text_font=&#8221;||||||||&#8221; text_text_align=&#8221;justify&#8221; width=&#8221;90%&#8221; width_last_edited=&#8221;on|phone&#8221; module_alignment=&#8221;center&#8221; custom_padding_tablet=&#8221;||5%|2%&#8221; custom_padding_phone=&#8221;|10%|10%|10%||true&#8221; custom_padding_last_edited=&#8221;on|phone&#8221;]<p style=\"font-weight: 400\">Gracias a la confianza de nuestros clientes el equipo de <strong>R consultors<\/strong><span> <\/span>ha evolucionado, llegando a reunir un grupo de profesionales expertos, de todas las edades y or\u00edgenes, con una s\u00f3lida experiencia en las distintas \u00e1reas de trabajo. Tambi\u00e9n hemos creado sinergias con otras empresas y profesionales expertos, nacionales e internacionales, de otros campos de actividad complementarios de los nuestros, para cumplir los deseos y las necesidades de nuestros clientes de la manera m\u00e1s amplia posible.<\/p>\n<p style=\"font-weight: 400\">Nuestra misi\u00f3n, as\u00ed como nuestra reputaci\u00f3n, es ofrecer un servicio personalizado adaptado a cada organizaci\u00f3n, porqu\u00e9 para R consultors cada cliente es \u00fanico y diferente.<\/p>[\/et_pb_text][\/et_pb_column][et_pb_column type=&#8221;1_2&#8243; _builder_version=&#8221;3.23.3&#8243;][et_pb_image src=&#8221;http:\/\/www.triopssl.com\/rconsultors\/wp-content\/uploads\/2019\/06\/Comunicacio_i_imatge_rconsultors.jpg&#8221; _builder_version=&#8221;3.23.3&#8243; border_radii=&#8221;|550px|||550px&#8221; custom_padding=&#8221;|||&#8221; custom_padding_tablet=&#8221;|||40px&#8221; custom_padding_phone=&#8221;|||40px&#8221; custom_padding_last_edited=&#8221;on|desktop&#8221; mix_blend_mode=&#8221;lighten&#8221;][\/et_pb_image][\/et_pb_column][\/et_pb_row][\/et_pb_section]\n\n","protected":false},"excerpt":{"rendered":"<p>R consultors, soluciones de alta calidad adaptadas a todo tipo de empresas y organizaciones Nuestra filosof\u00eda01.Competitividad Factores c\u00f3mo la globalizaci\u00f3n o la introducci\u00f3n de nuevas f\u00f3rmulas de gesti\u00f3n y de prestaci\u00f3n de servicios mediante las nuevas tecnolog\u00edas, suponen que la competitividad basada en una estrategia operativa y unos costes ajustados sean elementos necesarios, pero insuficientes, [&hellip;]<\/p>\n","protected":false},"author":1,"featured_media":0,"parent":0,"menu_order":2,"comment_status":"closed","ping_status":"closed","template":"","meta":{"_et_pb_use_builder":"on","_et_pb_old_content":"This is an example page. It's different from a blog post because it will stay in one place and will show up in your site navigation (in most themes). Most people start with an About page that introduces them to potential site visitors. It might say something like this:\n\n<blockquote>Hi there! I'm a bike messenger by day, aspiring actor by night, and this is my website. I live in Los Angeles, have a great dog named Jack, and I like pi\u00f1a coladas. (And gettin' caught in the rain.)<\/blockquote>\n\n...or something like this:\n\n<blockquote>The XYZ Doohickey Company was founded in 1971, and has been providing quality doohickeys to the public ever since. Located in Gotham City, XYZ employs over 2,000 people and does all kinds of awesome things for the Gotham community.<\/blockquote>\n\nAs a new WordPress user, you should go to <a href=\"http:\/\/dap.aspengrovestudios.space\/wp-admin\/\">your dashboard<\/a> to delete this page and create new pages for your content. Have fun!","_et_gb_content_width":"","_mi_skip_tracking":false,"_exactmetrics_sitenote_active":false,"_exactmetrics_sitenote_note":"","_exactmetrics_sitenote_category":0},"_links":{"self":[{"href":"https:\/\/www.rconsultors.com\/es\/wp-json\/wp\/v2\/pages\/6674"}],"collection":[{"href":"https:\/\/www.rconsultors.com\/es\/wp-json\/wp\/v2\/pages"}],"about":[{"href":"https:\/\/www.rconsultors.com\/es\/wp-json\/wp\/v2\/types\/page"}],"author":[{"embeddable":true,"href":"https:\/\/www.rconsultors.com\/es\/wp-json\/wp\/v2\/users\/1"}],"replies":[{"embeddable":true,"href":"https:\/\/www.rconsultors.com\/es\/wp-json\/wp\/v2\/comments?post=6674"}],"version-history":[{"count":0,"href":"https:\/\/www.rconsultors.com\/es\/wp-json\/wp\/v2\/pages\/6674\/revisions"}],"wp:attachment":[{"href":"https:\/\/www.rconsultors.com\/es\/wp-json\/wp\/v2\/media?parent=6674"}],"curies":[{"name":"wp","href":"https:\/\/api.w.org\/{rel}","templated":true}]}}