{"id":6685,"date":"2019-06-02T18:22:11","date_gmt":"2019-06-02T18:22:11","guid":{"rendered":"https:\/\/www.rconsultors.com\/communication-image\/"},"modified":"2019-12-15T14:05:17","modified_gmt":"2019-12-15T14:05:17","slug":"communication-image","status":"publish","type":"page","link":"https:\/\/www.rconsultors.com\/fr\/communication-image\/","title":{"rendered":"Communication et image"},"content":{"rendered":"<p>[et_pb_section fb_built=&#8221;1&#8243; disabled_on=&#8221;on|off|off&#8221; _builder_version=&#8221;3.23.3&#8243; use_background_color_gradient=&#8221;on&#8221; background_color_gradient_start=&#8221;rgba(0,0,0,0.2)&#8221; background_color_gradient_end=&#8221;rgba(0,0,0,0.2)&#8221; background_image=&#8221;http:\/\/www.triopssl.com\/rconsultors\/wp-content\/uploads\/2019\/06\/comunicacio_e_imatge_slide2.jpeg&#8221; background_position=&#8221;center_right&#8221; background_blend=&#8221;darken&#8221; custom_padding=&#8221;20px||4vh|&#8221; z_index=&#8221;2&#8243; background_last_edited=&#8221;on|desktop&#8221; use_background_color_gradient_phone=&#8221;on&#8221; background_color_gradient_start_phone=&#8221;rgba(0,0,0,0)&#8221; background_color_gradient_end_phone=&#8221;rgba(0,0,0,0.4)&#8221; background_color_gradient_overlays_image_phone=&#8221;on&#8221;][et_pb_row custom_padding=&#8221;20vh||&#8221; custom_padding_phone=&#8221;16vh||&#8221; custom_padding_last_edited=&#8221;on|phone&#8221; _builder_version=&#8221;3.23.3&#8243; width=&#8221;70%&#8221;][et_pb_column type=&#8221;4_4&#8243; _builder_version=&#8221;3.22.7&#8243;][et_pb_text _builder_version=&#8221;3.23.3&#8243; text_font=&#8221;||||||||&#8221; text_text_align=&#8221;left&#8221; text_text_color=&#8221;#ffffff&#8221; text_font_size=&#8221;19px&#8221; header_font=&#8221;|800|||||||&#8221; header_text_color=&#8221;#ffffff&#8221; header_font_size=&#8221;60px&#8221; header_letter_spacing=&#8221;-3px&#8221; header_2_font=&#8221;|600|||||||&#8221; header_2_text_color=&#8221;#ffffff&#8221; header_2_font_size=&#8221;30px&#8221; header_2_line_height=&#8221;1.3em&#8221; header_3_font=&#8221;|600|||||||&#8221; header_3_text_color=&#8221;#2d2d2a&#8221; header_3_line_height=&#8221;2.2em&#8221; width=&#8221;69.7%&#8221; width_tablet=&#8221;100%&#8221; width_last_edited=&#8221;on|phone&#8221; module_alignment=&#8221;left&#8221; custom_padding=&#8221;|25px||||&#8221; header_font_size_tablet=&#8221;46px&#8221; header_font_size_phone=&#8221;38px&#8221; header_font_size_last_edited=&#8221;on|phone&#8221; header_2_font_size_tablet=&#8221;28px&#8221; header_2_font_size_phone=&#8221;20px&#8221; header_2_font_size_last_edited=&#8221;on|phone&#8221;]<\/p>\n<h1>Communication et image<\/h1>\n<h2>Si tu ne veux pas prendre de risques, tu devras te r\u00e9signer \u00e0 ce qui est ordinaire et commun<\/h2>\n<p>[\/et_pb_text][\/et_pb_column][\/et_pb_row][\/et_pb_section][et_pb_section fb_built=&#8221;1&#8243; disabled_on=&#8221;off|on|on&#8221; _builder_version=&#8221;3.23.3&#8243; use_background_color_gradient=&#8221;on&#8221; background_color_gradient_start=&#8221;rgba(0,0,0,0.4)&#8221; background_color_gradient_end=&#8221;rgba(0,0,0,0.5)&#8221; background_image=&#8221;https:\/\/www.rconsultors.com\/wp-content\/uploads\/2019\/06\/comunicacio_e_imatge.jpeg&#8221; background_position=&#8221;bottom_right&#8221; background_blend=&#8221;darken&#8221; min_height=&#8221;60vh&#8221; custom_padding=&#8221;20px||20px|&#8221; z_index=&#8221;2&#8243; background_last_edited=&#8221;on|phone&#8221; use_background_color_gradient_tablet=&#8221;on&#8221; use_background_color_gradient_phone=&#8221;on&#8221; background_color_gradient_start_tablet=&#8221;rgba(0,0,0,0)&#8221; background_color_gradient_start_phone=&#8221;rgba(0,0,0,0.4)&#8221; background_color_gradient_end_tablet=&#8221;rgba(0,0,0,0.3)&#8221; background_color_gradient_end_phone=&#8221;rgba(0,0,0,0.2)&#8221; background_color_gradient_overlays_image_tablet=&#8221;on&#8221; background_color_gradient_overlays_image_phone=&#8221;off&#8221; background_blend_phone=&#8221;darken&#8221;][et_pb_row custom_padding=&#8221;5vh||14vh&#8221; _builder_version=&#8221;3.23.3&#8243; width_phone=&#8221;95%&#8221; width_last_edited=&#8221;on|phone&#8221; max_width_phone=&#8221;100%&#8221; max_width_last_edited=&#8221;on|desktop&#8221; hover_enabled=&#8221;0&#8243; module_alignment_phone=&#8221;right&#8221; module_alignment_last_edited=&#8221;on|desktop&#8221;][et_pb_column type=&#8221;4_4&#8243; _builder_version=&#8221;3.22.7&#8243;][et_pb_text _builder_version=&#8221;3.23.3&#8243; text_font=&#8221;||||||||&#8221; text_text_align=&#8221;left&#8221; text_text_color=&#8221;#000000&#8243; text_font_size=&#8221;19px&#8221; header_font=&#8221;|800|||||||&#8221; header_text_color=&#8221;#ffffff&#8221; header_font_size=&#8221;60px&#8221; header_letter_spacing=&#8221;-3px&#8221; header_text_shadow_style=&#8221;preset2&#8243; header_text_shadow_color=&#8221;rgba(255,255,255,0)&#8221; header_2_font=&#8221;|600|||||||&#8221; header_2_text_color=&#8221;#ffffff&#8221; header_2_font_size=&#8221;30px&#8221; header_2_line_height=&#8221;1.3em&#8221; header_2_text_shadow_style=&#8221;preset2&#8243; header_2_text_shadow_color=&#8221;rgba(0,0,0,0)&#8221; header_3_font=&#8221;|600|||||||&#8221; header_3_text_color=&#8221;#2d2d2a&#8221; header_3_line_height=&#8221;2.2em&#8221; width=&#8221;70%&#8221; width_phone=&#8221;90%&#8221; width_last_edited=&#8221;on|phone&#8221; max_width_phone=&#8221;none&#8221; max_width_last_edited=&#8221;on|phone&#8221; module_alignment=&#8221;left&#8221; custom_margin=&#8221;|233px||||&#8221; hover_enabled=&#8221;0&#8243; header_text_align_phone=&#8221;right&#8221; header_text_align_last_edited=&#8221;on|phone&#8221; header_font_size_tablet=&#8221;46px&#8221; header_font_size_phone=&#8221;37px&#8221; header_font_size_last_edited=&#8221;on|phone&#8221; header_text_shadow_color_phone=&#8221;rgba(0,0,0,0.25)&#8221; header_text_shadow_color_last_edited=&#8221;on|phone&#8221; header_2_text_align_phone=&#8221;right&#8221; header_2_text_align_last_edited=&#8221;on|phone&#8221; header_2_font_size_tablet=&#8221;28px&#8221; header_2_font_size_phone=&#8221;20px&#8221; header_2_font_size_last_edited=&#8221;on|phone&#8221; header_2_text_shadow_color_phone=&#8221;rgba(0,0,0,0.25)&#8221; header_2_text_shadow_color_last_edited=&#8221;on|phone&#8221; module_alignment_phone=&#8221;center&#8221; module_alignment_last_edited=&#8221;on|desktop&#8221;]<\/p>\n<h1>Communication<br \/>et image<\/h1>\n<h2>Si tu ne veux pas prendre de risques, tu devras te r\u00e9signer \u00e0 ce qui est ordinaire et commun<\/h2>\n<p>[\/et_pb_text][\/et_pb_column][\/et_pb_row][\/et_pb_section][et_pb_section fb_built=&#8221;1&#8243; _builder_version=&#8221;3.23.3&#8243;][et_pb_row padding_2_phone=&#8221;0px||&#8221; padding_1_last_edited=&#8221;on|desktop&#8221; padding_2_last_edited=&#8221;on|desktop&#8221; _builder_version=&#8221;3.23.3&#8243; ab_goal=&#8221;on&#8221;][et_pb_column type=&#8221;1_2&#8243; _builder_version=&#8221;3.23.3&#8243;][et_pb_blurb use_icon=&#8221;on&#8221; font_icon=&#8221;%%138%%&#8221; icon_placement=&#8221;left&#8221; _builder_version=&#8221;3.23.3&#8243; header_font=&#8221;||||||||&#8221; body_font=&#8221;||||||||&#8221; body_text_color=&#8221;#2d2d2a&#8221; body_font_size=&#8221;18px&#8221; custom_margin=&#8221;||25px&#8221;]<\/p>\n<p>Plans de communication internes et externes<\/p>\n<p>[\/et_pb_blurb][et_pb_blurb use_icon=&#8221;on&#8221; font_icon=&#8221;%%138%%&#8221; icon_placement=&#8221;left&#8221; _builder_version=&#8221;3.23.3&#8243; header_font=&#8221;||||||||&#8221; body_font=&#8221;||||||||&#8221; body_text_color=&#8221;#2d2d2a&#8221; body_font_size=&#8221;18px&#8221; custom_margin=&#8221;||25px&#8221;]Strat\u00e9gies de communication[\/et_pb_blurb][et_pb_blurb use_icon=&#8221;on&#8221; font_icon=&#8221;%%138%%&#8221; icon_placement=&#8221;left&#8221; _builder_version=&#8221;3.23.3&#8243; header_font=&#8221;||||||||&#8221; body_font=&#8221;||||||||&#8221; body_text_color=&#8221;#2d2d2a&#8221; body_font_size=&#8221;18px&#8221; custom_margin=&#8221;||25px&#8221;]<\/p>\n<p>Audit et optimisation d&#8217;image<\/p>\n<p>[\/et_pb_blurb][et_pb_blurb use_icon=&#8221;on&#8221; font_icon=&#8221;%%138%%&#8221; icon_placement=&#8221;left&#8221; _builder_version=&#8221;3.23.3&#8243; header_font=&#8221;||||||||&#8221; body_font=&#8221;||||||||&#8221; body_text_color=&#8221;#2d2d2a&#8221; body_font_size=&#8221;18px&#8221; custom_margin=&#8221;||25px&#8221;]<\/p>\n<p>D\u00e9p\u00f4t et gestion de domaines<\/p>\n<p>[\/et_pb_blurb][et_pb_blurb use_icon=&#8221;on&#8221; font_icon=&#8221;%%138%%&#8221; icon_placement=&#8221;left&#8221; _builder_version=&#8221;3.23.3&#8243; header_font=&#8221;||||||||&#8221; body_font=&#8221;||||||||&#8221; body_text_color=&#8221;#2d2d2a&#8221; body_font_size=&#8221;18px&#8221; custom_margin=&#8221;||25px&#8221;]<\/p>\n<p>D\u00e9p\u00f4t de marques<\/p>\n<p>[\/et_pb_blurb][et_pb_blurb use_icon=&#8221;on&#8221; font_icon=&#8221;%%138%%&#8221; icon_placement=&#8221;left&#8221; disabled_on=&#8221;off|on|on&#8221; _builder_version=&#8221;3.23.3&#8243; header_font=&#8221;||||||||&#8221; body_font=&#8221;||||||||&#8221; body_text_color=&#8221;#2d2d2a&#8221; body_font_size=&#8221;18px&#8221; custom_margin=&#8221;||25px&#8221;]<\/p>\n<p>Cr\u00e9ation de contenus, publications et \u00e9ditions<\/p>\n<p>[\/et_pb_blurb][et_pb_blurb use_icon=&#8221;on&#8221; font_icon=&#8221;%%138%%&#8221; icon_placement=&#8221;left&#8221; disabled_on=&#8221;off|on|on&#8221; _builder_version=&#8221;3.23.3&#8243; header_font=&#8221;||||||||&#8221; body_font=&#8221;||||||||&#8221; body_text_color=&#8221;#2d2d2a&#8221; body_font_size=&#8221;18px&#8221; custom_margin=&#8221;||25px&#8221;]<\/p>\n<p><em>Publicity<\/em><\/p>\n<p>[\/et_pb_blurb][et_pb_blurb use_icon=&#8221;on&#8221; font_icon=&#8221;%%138%%&#8221; icon_placement=&#8221;left&#8221; disabled_on=&#8221;off|on|on&#8221; _builder_version=&#8221;3.23.3&#8243; header_font=&#8221;||||||||&#8221; body_font=&#8221;||||||||&#8221; body_text_color=&#8221;#2d2d2a&#8221; body_font_size=&#8221;18px&#8221; custom_margin=&#8221;||25px&#8221;]<\/p>\n<p><em>Lobbiying<\/em><\/p>\n<p>[\/et_pb_blurb][et_pb_blurb use_icon=&#8221;on&#8221; font_icon=&#8221;%%138%%&#8221; icon_placement=&#8221;left&#8221; disabled_on=&#8221;off|on|on&#8221; _builder_version=&#8221;3.23.3&#8243; header_font=&#8221;||||||||&#8221; body_font=&#8221;||||||||&#8221; body_text_color=&#8221;#2d2d2a&#8221; body_font_size=&#8221;18px&#8221; custom_margin=&#8221;||25px&#8221;]<\/p>\n<p><em>Branding<\/em><\/p>\n<p>[\/et_pb_blurb][\/et_pb_column][et_pb_column type=&#8221;1_2&#8243; _builder_version=&#8221;3.23.3&#8243;][et_pb_blurb use_icon=&#8221;on&#8221; font_icon=&#8221;%%138%%&#8221; icon_placement=&#8221;left&#8221; disabled_on=&#8221;on|off|off&#8221; _builder_version=&#8221;3.23.3&#8243; header_font=&#8221;||||||||&#8221; body_font=&#8221;||||||||&#8221; body_text_color=&#8221;#2d2d2a&#8221; body_font_size=&#8221;18px&#8221; custom_margin=&#8221;||25px&#8221;]<\/p>\n<p>Cr\u00e9ation de contenus, publications et \u00e9ditions<\/p>\n<p>[\/et_pb_blurb][et_pb_blurb use_icon=&#8221;on&#8221; font_icon=&#8221;%%138%%&#8221; icon_placement=&#8221;left&#8221; disabled_on=&#8221;on|off|off&#8221; _builder_version=&#8221;3.23.3&#8243; header_font=&#8221;||||||||&#8221; body_font=&#8221;||||||||&#8221; body_text_color=&#8221;#2d2d2a&#8221; body_font_size=&#8221;18px&#8221; custom_margin=&#8221;||25px&#8221;]<\/p>\n<p><em>Publicity<\/em><\/p>\n<p>[\/et_pb_blurb][et_pb_blurb use_icon=&#8221;on&#8221; font_icon=&#8221;%%138%%&#8221; icon_placement=&#8221;left&#8221; disabled_on=&#8221;on|off|off&#8221; _builder_version=&#8221;3.23.3&#8243; header_font=&#8221;||||||||&#8221; body_font=&#8221;||||||||&#8221; body_text_color=&#8221;#2d2d2a&#8221; body_font_size=&#8221;18px&#8221; custom_margin=&#8221;||25px&#8221; ab_subject=&#8221;on&#8221; ab_subject_id=&#8221;1&#8243;]<\/p>\n<p><em>Lobbiying<\/em><\/p>\n<p>[\/et_pb_blurb][et_pb_blurb use_icon=&#8221;on&#8221; font_icon=&#8221;%%138%%&#8221; icon_placement=&#8221;left&#8221; disabled_on=&#8221;on|off|off&#8221; _builder_version=&#8221;3.23.3&#8243; header_font=&#8221;||||||||&#8221; body_font=&#8221;||||||||&#8221; body_text_color=&#8221;#2d2d2a&#8221; body_font_size=&#8221;18px&#8221; custom_margin=&#8221;||25px&#8221; ab_subject=&#8221;on&#8221; ab_subject_id=&#8221;2&#8243;]<\/p>\n<p><em>Lobbiying<\/em><\/p>\n<p>[\/et_pb_blurb][et_pb_blurb use_icon=&#8221;on&#8221; font_icon=&#8221;%%138%%&#8221; icon_placement=&#8221;left&#8221; disabled_on=&#8221;on|off|off&#8221; _builder_version=&#8221;3.23.3&#8243; header_font=&#8221;||||||||&#8221; body_font=&#8221;||||||||&#8221; body_text_color=&#8221;#2d2d2a&#8221; body_font_size=&#8221;18px&#8221; custom_margin=&#8221;||25px&#8221;]<\/p>\n<p><em>Branding<\/em><\/p>\n<p>[\/et_pb_blurb][\/et_pb_column][\/et_pb_row][\/et_pb_section]<\/p>\n","protected":false},"excerpt":{"rendered":"<p>Communication et image Si tu ne veux pas prendre de risques, tu devras te r\u00e9signer \u00e0 ce qui est ordinaire et communCommunicationet image Si tu ne veux pas prendre de risques, tu devras te r\u00e9signer \u00e0 ce qui est ordinaire et communPlans de communication internes et externesStrat\u00e9gies de communicationAudit et optimisation d&#8217;imageD\u00e9p\u00f4t et gestion de [&hellip;]<\/p>\n","protected":false},"author":1,"featured_media":6608,"parent":0,"menu_order":0,"comment_status":"closed","ping_status":"closed","template":"","meta":{"_et_pb_use_builder":"on","_et_pb_old_content":"","_et_gb_content_width":"","_mi_skip_tracking":false,"_exactmetrics_sitenote_active":false,"_exactmetrics_sitenote_note":"","_exactmetrics_sitenote_category":0},"_links":{"self":[{"href":"https:\/\/www.rconsultors.com\/fr\/wp-json\/wp\/v2\/pages\/6685"}],"collection":[{"href":"https:\/\/www.rconsultors.com\/fr\/wp-json\/wp\/v2\/pages"}],"about":[{"href":"https:\/\/www.rconsultors.com\/fr\/wp-json\/wp\/v2\/types\/page"}],"author":[{"embeddable":true,"href":"https:\/\/www.rconsultors.com\/fr\/wp-json\/wp\/v2\/users\/1"}],"replies":[{"embeddable":true,"href":"https:\/\/www.rconsultors.com\/fr\/wp-json\/wp\/v2\/comments?post=6685"}],"version-history":[{"count":0,"href":"https:\/\/www.rconsultors.com\/fr\/wp-json\/wp\/v2\/pages\/6685\/revisions"}],"wp:featuredmedia":[{"embeddable":true,"href":"https:\/\/www.rconsultors.com\/fr\/wp-json\/wp\/v2\/media\/6608"}],"wp:attachment":[{"href":"https:\/\/www.rconsultors.com\/fr\/wp-json\/wp\/v2\/media?parent=6685"}],"curies":[{"name":"wp","href":"https:\/\/api.w.org\/{rel}","templated":true}]}}