{"id":6702,"date":"2018-02-05T19:56:11","date_gmt":"2018-02-05T19:56:11","guid":{"rendered":"https:\/\/www.rconsultors.com\/qui-sommes-nous\/"},"modified":"2019-12-08T09:48:51","modified_gmt":"2019-12-08T09:48:51","slug":"qui-sommes-nous","status":"publish","type":"page","link":"https:\/\/www.rconsultors.com\/fr\/qui-sommes-nous\/","title":{"rendered":"Qui sommes-nous"},"content":{"rendered":"\n\n[et_pb_section fb_built=&#8221;1&#8243; disabled_on=&#8221;off|off|off&#8221; _builder_version=&#8221;3.23.3&#8243; custom_padding=&#8221;20px||20px|&#8221; z_index=&#8221;2&#8243;][et_pb_row custom_padding=&#8221;9vw||3vw||false|&#8221; _builder_version=&#8221;3.23.3&#8243;][et_pb_column type=&#8221;4_4&#8243; _builder_version=&#8221;3.22.7&#8243;][et_pb_text _builder_version=&#8221;3.23.3&#8243; text_font=&#8221;||||||||&#8221; text_text_align=&#8221;left&#8221; text_text_color=&#8221;#000000&#8243; text_font_size=&#8221;19px&#8221; header_font=&#8221;||||||||&#8221; header_text_color=&#8221;#000000&#8243; header_font_size=&#8221;40px&#8221; header_line_height=&#8221;1.1em&#8221; header_2_font=&#8221;||||||||&#8221; header_2_text_color=&#8221;#000000&#8243; header_2_font_size=&#8221;40px&#8221; header_2_line_height=&#8221;1.1em&#8221; header_3_font=&#8221;|600|||||||&#8221; header_3_text_color=&#8221;#2d2d2a&#8221; header_3_line_height=&#8221;2.2em&#8221; width=&#8221;80%&#8221; module_alignment=&#8221;left&#8221; hover_enabled=&#8221;0&#8243; header_font_size_tablet=&#8221;40px&#8221; header_font_size_phone=&#8221;32px&#8221; header_font_size_last_edited=&#8221;on|phone&#8221; header_2_font_size_tablet=&#8221;40px&#8221; header_2_font_size_phone=&#8221;28px&#8221; header_2_font_size_last_edited=&#8221;on|phone&#8221;]<h2><span><strong>R consultors<\/strong>, solutions de haute qualit\u00e9 adapt\u00e9es \u00e0 toutes formes d\u2019entreprises<\/span><\/h2>\n<h3><span><span> <\/span><\/span><\/h3>\n[\/et_pb_text][\/et_pb_column][\/et_pb_row][\/et_pb_section][et_pb_section fb_built=&#8221;1&#8243; _builder_version=&#8221;3.23.3&#8243; custom_padding=&#8221;0vw||0px|||&#8221; top_divider_height=&#8221;299px&#8221;][et_pb_row custom_padding=&#8221;2vw||4vw|||&#8221; _builder_version=&#8221;3.23.3&#8243;][et_pb_column type=&#8221;4_4&#8243; _builder_version=&#8221;3.23.3&#8243;][et_pb_text _builder_version=&#8221;3.23.3&#8243; text_font=&#8221;||||||||&#8221; text_text_align=&#8221;center&#8221; header_font=&#8221;|800|||||||&#8221; header_font_size=&#8221;32px&#8221; header_2_font=&#8221;||||||||&#8221; header_font_size_tablet=&#8221;30px&#8221; header_font_size_phone=&#8221;26px&#8221; header_font_size_last_edited=&#8221;on|phone&#8221;]<h1>Notre philosophie<\/h1>[\/et_pb_text][\/et_pb_column][\/et_pb_row][et_pb_row custom_padding=&#8221;||0px|&#8221; custom_padding_tablet=&#8221;|4%||4%||true&#8221; custom_padding_phone=&#8221;|6%||6%||true&#8221; make_equal=&#8221;on&#8221; custom_padding_last_edited=&#8221;on|phone&#8221; padding_bottom_1=&#8221;30px&#8221; padding_bottom_2=&#8221;30px&#8221; padding_bottom_3=&#8221;30px&#8221; padding_bottom_4=&#8221;30px&#8221; _builder_version=&#8221;3.23.3&#8243; background_size=&#8221;initial&#8221; background_position=&#8221;top_left&#8221; background_repeat=&#8221;repeat&#8221; width=&#8221;95%&#8221; max_width=&#8221;1920px&#8221; module_alignment=&#8221;center&#8221;][et_pb_column type=&#8221;1_4&#8243; _builder_version=&#8221;3.0.47&#8243;][et_pb_text admin_label=&#8221;Number&#8221; _builder_version=&#8221;3.23.3&#8243; text_font=&#8221;Open Sans|800|||||||&#8221; text_text_align=&#8221;left&#8221; text_text_color=&#8221;rgba(0,0,0,0.15)&#8221; text_font_size=&#8221;90px&#8221; header_font=&#8221;||||||||&#8221; text_orientation=&#8221;center&#8221; custom_css_main_element=&#8221;position: absolute;||top: 0;||left:0;||width: 100%;||&#8221;]<p>01.<\/p>[\/et_pb_text][et_pb_text _builder_version=&#8221;3.23.3&#8243; text_font=&#8221;||||||||&#8221; text_text_align=&#8221;left&#8221; header_font=&#8221;||||||||&#8221; header_3_font=&#8221;|700|||||||&#8221; header_3_font_size=&#8221;23px&#8221; text_orientation=&#8221;center&#8221; min_height=&#8221;324px&#8221; custom_margin=&#8221;1vw||&#8221; custom_padding=&#8221;35px|||&#8221;]<h3>Comp\u00e9titivit\u00e9<\/h3>\n<p style=\"font-weight: 400\"><span>Facteurs comme la globalisation, l\u2019introduction de nouvelles formules de gestion et de prestation de services moyennant les nouvelles technologies, font que la comp\u00e9titivit\u00e9 bas\u00e9e sur une strat\u00e9gie op\u00e9rationnelle et des co\u00fbts ajust\u00e9s soient des \u00e9l\u00e9ments n\u00e9cessaires, mais insuffisants pour atteindre le succ\u00e8s. \u00c0 R consultors nous sommes experts pour d\u00e9couvrir les facteurs clefs de diff\u00e9rentiation pour une comp\u00e9titivit\u00e9 optimale, et ce en accord avec les besoins de chaque client.<\/span><\/p>[\/et_pb_text][\/et_pb_column][et_pb_column type=&#8221;1_4&#8243; _builder_version=&#8221;3.0.47&#8243;][et_pb_text admin_label=&#8221;Number&#8221; _builder_version=&#8221;3.0.101&#8243; text_font=&#8221;Open Sans|800|||||||&#8221; text_text_align=&#8221;left&#8221; text_text_color=&#8221;rgba(0,0,0,0.15)&#8221; text_font_size=&#8221;90px&#8221; header_font=&#8221;||||||||&#8221; text_orientation=&#8221;center&#8221; custom_css_main_element=&#8221;position: absolute;||top: 0;||left:0;||width: 100%;||&#8221;]02.[\/et_pb_text][et_pb_text _builder_version=&#8221;3.23.3&#8243; text_font=&#8221;||||||||&#8221; text_text_align=&#8221;left&#8221; header_font=&#8221;||||||||&#8221; header_3_font=&#8221;|700|||||||&#8221; header_3_font_size=&#8221;23px&#8221; text_orientation=&#8221;center&#8221; min_height=&#8221;324px&#8221; custom_margin=&#8221;1vw||&#8221; custom_padding=&#8221;35px|||&#8221;]<h3>Cr\u00e9ation de valeur<\/h3>\n<p><span>Un facteur essentiel pour le succ\u00e8s de tout projet est la cr\u00e9ation de valeur ajout\u00e9e. \u00c0 R consultors nous faisons symbiose avec le client et nous cr\u00e9ons des synergies afin de multiplier les opportunit\u00e9s dans tous nos domaines d\u2019activit\u00e9 : marketing, publicit\u00e9, design, communication, image et \u00e9v\u00e8nementiel.<\/span><\/p>[\/et_pb_text][\/et_pb_column][et_pb_column type=&#8221;1_4&#8243; _builder_version=&#8221;3.0.47&#8243;][et_pb_text admin_label=&#8221;Number&#8221; _builder_version=&#8221;3.0.101&#8243; text_font=&#8221;Open Sans|800|||||||&#8221; text_text_align=&#8221;left&#8221; text_text_color=&#8221;rgba(0,0,0,0.15)&#8221; text_font_size=&#8221;90px&#8221; header_font=&#8221;||||||||&#8221; text_orientation=&#8221;center&#8221; custom_css_main_element=&#8221;position: absolute;||top: 0;||left:0;||width: 100%;||&#8221;]03.[\/et_pb_text][et_pb_text _builder_version=&#8221;3.23.3&#8243; text_font=&#8221;||||||||&#8221; text_text_align=&#8221;left&#8221; header_font=&#8221;||||||||&#8221; header_3_font=&#8221;|700|||||||&#8221; header_3_font_size=&#8221;23px&#8221; text_orientation=&#8221;center&#8221; min_height=&#8221;324px&#8221; custom_margin=&#8221;1vw||&#8221; custom_padding=&#8221;35px|||&#8221;]<h3>Solutions<\/h3>\n<p><span>En tant que conseillers sp\u00e9cialis\u00e9s nous proposons, \u00e0 tous types d\u2019organisations, des solutions de haute qualit\u00e9 conceptuelle, qui permettent aux clients \u2013avec les ressources r\u00e9ellement n\u00e9cessaires\u2013 booster leur d\u00e9veloppement et renforcer leur position.<\/span><\/p>[\/et_pb_text][\/et_pb_column][et_pb_column type=&#8221;1_4&#8243; _builder_version=&#8221;3.0.47&#8243;][et_pb_text admin_label=&#8221;Number&#8221; _builder_version=&#8221;3.0.101&#8243; text_font=&#8221;Open Sans|800|||||||&#8221; text_text_align=&#8221;left&#8221; text_text_color=&#8221;rgba(0,0,0,0.15)&#8221; text_font_size=&#8221;90px&#8221; header_font=&#8221;||||||||&#8221; text_orientation=&#8221;center&#8221; custom_css_main_element=&#8221;position: absolute;||top: 0;||left:0;||width: 100%;||&#8221;]04.[\/et_pb_text][et_pb_text _builder_version=&#8221;3.23.3&#8243; text_font=&#8221;||||||||&#8221; text_text_align=&#8221;left&#8221; header_font=&#8221;||||||||&#8221; header_3_font=&#8221;|700|||||||&#8221; header_3_font_size=&#8221;23px&#8221; text_orientation=&#8221;center&#8221; min_height=&#8221;324px&#8221; custom_margin=&#8221;1vw||&#8221; custom_padding=&#8221;35px|||&#8221;]<h3>R\u00e9alistes<\/h3>\n<p><span>Comme nous croyons que seules les solutions avec de bases solides et r\u00e9alistes sont celles qui donnent des r\u00e9sultats, nous d\u00e9veloppons le travail de mani\u00e8re int\u00e9grale dans tous les domaines, depuis la planification strat\u00e9gique et op\u00e9rationnelle jusqu\u2019au suivi de son implantation tout en mesurant les r\u00e9sultats moyennant un syst\u00e8me d\u2019indicateurs fiables.<\/span><\/p>[\/et_pb_text][\/et_pb_column][\/et_pb_row][\/et_pb_section][et_pb_section fb_built=&#8221;1&#8243; custom_padding_last_edited=&#8221;on|desktop&#8221; _builder_version=&#8221;3.23.3&#8243; custom_padding=&#8221;20px||20px|&#8221; custom_padding_tablet=&#8221;0px||18px|&#8221; custom_padding_phone=&#8221;||20px&#8221;][et_pb_row custom_margin=&#8221;||4vw&#8221; make_equal=&#8221;on&#8221; custom_css_main_1=&#8221;margin: auto;&#8221; _builder_version=&#8221;3.23.3&#8243; width=&#8221;100%&#8221; max_width=&#8221;100%&#8221;][et_pb_column type=&#8221;1_2&#8243; _builder_version=&#8221;3.23.3&#8243;][et_pb_text admin_label=&#8221;Text &#8211; Heading&#8221; _builder_version=&#8221;3.23.3&#8243; text_font=&#8221;||||||||&#8221; header_font=&#8221;|600|||||||&#8221; header_font_size=&#8221;35px&#8221; header_2_font=&#8221;|600|||||||&#8221; header_2_font_size=&#8221;30px&#8221; header_2_line_height=&#8221;1.1em&#8221; header_3_font=&#8221;|600|||||||&#8221; header_3_font_size=&#8221;26px&#8221; width=&#8221;90%&#8221; width_tablet=&#8221;100%&#8221; width_phone=&#8221;100%&#8221; width_last_edited=&#8221;on|desktop&#8221; module_alignment=&#8221;center&#8221; custom_margin=&#8221;||4vw|&#8221; custom_padding_tablet=&#8221;|||5%&#8221; custom_padding_phone=&#8221;|||8%&#8221; custom_padding_last_edited=&#8221;on|phone&#8221; header_font_size_tablet=&#8221;33px&#8221; header_font_size_last_edited=&#8221;on|phone&#8221; header_2_font_size_tablet=&#8221;27px&#8221; header_2_font_size_phone=&#8221;25px&#8221; header_2_font_size_last_edited=&#8221;on|phone&#8221; header_3_font_size_tablet=&#8221;24px&#8221; header_3_font_size_last_edited=&#8221;on|phone&#8221; module_alignment_last_edited=&#8221;on|tablet&#8221;]<h2>Notre \u00e9quipe<\/h2>[\/et_pb_text][et_pb_text _builder_version=&#8221;3.23.3&#8243; text_font=&#8221;||||||||&#8221; text_text_align=&#8221;justify&#8221; width=&#8221;90%&#8221; width_last_edited=&#8221;on|phone&#8221; module_alignment=&#8221;center&#8221; custom_padding_tablet=&#8221;||5%|2%&#8221; custom_padding_phone=&#8221;|10%|10%|10%||true&#8221; custom_padding_last_edited=&#8221;on|phone&#8221;]<p style=\"font-weight: 400\">Gr\u00e2ce \u00e0 la confiance de nos clients, l\u2019\u00e9quipe de <strong>R consultors<\/strong><span> <\/span>a \u00e9volu\u00e9 au cours du temps en arrivant \u00e0 r\u00e9unir un groupe de professionnels experts, de tous \u00e2ges et origines, avec une solide exp\u00e9rience dans les diff\u00e9rents domaines de travail. Nous avons \u00e9galement cr\u00e9e des synergies avec d\u2019autres entreprises et des professionnels experts, nationaux et internationaux, appartenant a des champs d\u2019activit\u00e9s compl\u00e9mentaires des n\u00f4tres, afin de satisfaire les demandes et besoins de nos clients de la mani\u00e8re la plus vaste qui soit.<\/p>\n<p style=\"font-weight: 400\">Notre mission, ainsi que notre r\u00e9putation, sont offrir un service personnalis\u00e9 adapt\u00e9 aux n\u00e9cessit\u00e9s de chaque client, parce que pour R consultors, chaque client est unique et diff\u00e9rent.<\/p>[\/et_pb_text][\/et_pb_column][et_pb_column type=&#8221;1_2&#8243; _builder_version=&#8221;3.23.3&#8243;][et_pb_image src=&#8221;http:\/\/www.triopssl.com\/rconsultors\/wp-content\/uploads\/2019\/06\/Comunicacio_i_imatge_rconsultors.jpg&#8221; _builder_version=&#8221;3.23.3&#8243; border_radii=&#8221;|550px|||550px&#8221; custom_padding=&#8221;|||&#8221; custom_padding_tablet=&#8221;|||40px&#8221; custom_padding_phone=&#8221;|||40px&#8221; custom_padding_last_edited=&#8221;on|desktop&#8221; mix_blend_mode=&#8221;lighten&#8221;][\/et_pb_image][\/et_pb_column][\/et_pb_row][\/et_pb_section]\n\n","protected":false},"excerpt":{"rendered":"<p>R consultors, solutions de haute qualit\u00e9 adapt\u00e9es \u00e0 toutes formes d\u2019entreprises Notre philosophie01.Comp\u00e9titivit\u00e9 Facteurs comme la globalisation, l\u2019introduction de nouvelles formules de gestion et de prestation de services moyennant les nouvelles technologies, font que la comp\u00e9titivit\u00e9 bas\u00e9e sur une strat\u00e9gie op\u00e9rationnelle et des co\u00fbts ajust\u00e9s soient des \u00e9l\u00e9ments n\u00e9cessaires, mais insuffisants pour atteindre le succ\u00e8s. [&hellip;]<\/p>\n","protected":false},"author":1,"featured_media":0,"parent":0,"menu_order":2,"comment_status":"closed","ping_status":"closed","template":"","meta":{"_et_pb_use_builder":"on","_et_pb_old_content":"This is an example page. It's different from a blog post because it will stay in one place and will show up in your site navigation (in most themes). Most people start with an About page that introduces them to potential site visitors. It might say something like this:\n\n<blockquote>Hi there! I'm a bike messenger by day, aspiring actor by night, and this is my website. I live in Los Angeles, have a great dog named Jack, and I like pi\u00f1a coladas. (And gettin' caught in the rain.)<\/blockquote>\n\n...or something like this:\n\n<blockquote>The XYZ Doohickey Company was founded in 1971, and has been providing quality doohickeys to the public ever since. Located in Gotham City, XYZ employs over 2,000 people and does all kinds of awesome things for the Gotham community.<\/blockquote>\n\nAs a new WordPress user, you should go to <a href=\"http:\/\/dap.aspengrovestudios.space\/wp-admin\/\">your dashboard<\/a> to delete this page and create new pages for your content. Have fun!","_et_gb_content_width":"","_mi_skip_tracking":false,"_exactmetrics_sitenote_active":false,"_exactmetrics_sitenote_note":"","_exactmetrics_sitenote_category":0},"_links":{"self":[{"href":"https:\/\/www.rconsultors.com\/fr\/wp-json\/wp\/v2\/pages\/6702"}],"collection":[{"href":"https:\/\/www.rconsultors.com\/fr\/wp-json\/wp\/v2\/pages"}],"about":[{"href":"https:\/\/www.rconsultors.com\/fr\/wp-json\/wp\/v2\/types\/page"}],"author":[{"embeddable":true,"href":"https:\/\/www.rconsultors.com\/fr\/wp-json\/wp\/v2\/users\/1"}],"replies":[{"embeddable":true,"href":"https:\/\/www.rconsultors.com\/fr\/wp-json\/wp\/v2\/comments?post=6702"}],"version-history":[{"count":0,"href":"https:\/\/www.rconsultors.com\/fr\/wp-json\/wp\/v2\/pages\/6702\/revisions"}],"wp:attachment":[{"href":"https:\/\/www.rconsultors.com\/fr\/wp-json\/wp\/v2\/media?parent=6702"}],"curies":[{"name":"wp","href":"https:\/\/api.w.org\/{rel}","templated":true}]}}